{"id":84,"date":"2026-04-14T00:31:32","date_gmt":"2026-04-14T00:31:32","guid":{"rendered":"http:\/\/test.toby-tec.de\/?page_id=84"},"modified":"2026-04-14T15:08:53","modified_gmt":"2026-04-14T15:08:53","slug":"term","status":"publish","type":"page","link":"https:\/\/www.smc-espelkamp.de\/?page_id=84","title":{"rendered":"Termine"},"content":{"rendered":"<span itemprop=\"description\">\n<p class=\"has-vivid-cyan-blue-color has-text-color has-link-color has-large-font-size wp-elements-cbf05a1eda3adeb655a32b2731c96644\"><strong>Unsere Veranstaltungen<\/strong><\/p>\n\n\n\n<p style=\"font-size:16px\">Wir treffen uns regelm\u00e4\u00dfig zu unterschiedlichen Veranstaltungen. Hier tauschen wir uns aus, sitzen gesellig zusammen und treffen f\u00fcr unseren Verein wichtige Entscheidungen. Wir w\u00fcrden uns freuen, wenn du uns einmal besuchen kommst, um unser Hobby kennen zu lernen.<\/p>\n\n\n\n<p style=\"font-size:16px\">Die Mitglieder Versammlung findet jeden 2. Mittwoch im Monat in der <a href=\"https:\/\/www.hotel-espelkamp.de\" data-type=\"link\" data-id=\"https:\/\/www.hotel-espelkamp.de\">Gastst\u00e4tte Im Loh<\/a> in Frotheim statt.<\/p>\n\n\n\n<p class=\"has-vivid-cyan-blue-color has-text-color has-link-color wp-elements-0b8c0f4eaf4ed50655409a9bb27cf2af\" style=\"font-size:16px\"><strong><em>14.06.2026<\/em> &#8211; Spazierg\u00e4ngercaf\u00e9 Gabelhorstsee 14:00 &#8211; 17:00 Uhr<\/strong><\/p>\n\n\n\n<p class=\"has-vivid-cyan-blue-color has-text-color has-link-color wp-elements-55ebdb2606c650a1127204d42f0c0dee\" style=\"font-size:16px\"><strong><em>26.07.2026<\/em> &#8211; Tag der Seenotretter am Gabelhorstsee<\/strong><\/p>\n\n\n\n<p class=\"has-vivid-cyan-blue-color has-text-color has-link-color wp-elements-bdecf1923671a64f204584be4f6dd350\" style=\"font-size:16px\"><strong><em>06.09.2026<\/em> &#8211; Pokalfahren Gabelhorstsee ab 09:30 Uhr<\/strong><\/p>\n\n\n\n<p class=\"has-vivid-cyan-blue-color has-text-color has-link-color wp-elements-3b3cc2e9e50d1400a1655c0362ddf078\" style=\"font-size:16px\"><strong><em>15.11.2026<\/em> &#8211; Abschwimmen Gabelhorstsee ab 11:00 Uhr<\/strong><\/p>\n\n\n\n<p class=\"has-vivid-cyan-blue-color has-text-color has-link-color wp-elements-674e5e169e8c62170c5406c8439c98f7\" style=\"font-size:16px\"><strong><em>08.11.2026<\/em><\/strong> &#8211; <strong>OGS Versammlung<\/strong><\/p>\n\n\n\n<p class=\"has-vivid-cyan-blue-color has-text-color has-link-color wp-elements-ebe09ad0bc1a17acc79b2bbf2d5a0e63\" style=\"font-size:16px\"><strong><em>29.11.2026<\/em><\/strong> &#8211; <strong>Weihnachtsbrunch<\/strong><\/p>\n\n\n\n<p><\/p>\n\n\n\n<p><\/p>\n<span>","protected":false},"excerpt":{"rendered":"<p class=\"excerpt\"><span itemprop=\"description\">Unsere Veranstaltungen Wir treffen uns regelm\u00e4\u00dfig zu unterschiedlichen Veranstaltungen. Hier tauschen wir uns aus, sitzen gesellig zusammen und treffen f\u00fcr unseren Verein wichtige Entscheidungen. Wir w\u00fcrden uns freuen, wenn du uns einmal besuchen kommst, um unser Hobby kennen zu lernen. Die Mitglieder Versammlung findet jeden&hellip;<\/span><\/p>\n<p class=\"more-link-p btn-align-left\"><a class=\"blue zoom-btn\" href=\"https:\/\/www.smc-espelkamp.de\/?page_id=84\">Read More<\/a><\/p>\n","protected":false},"author":2,"featured_media":0,"parent":0,"menu_order":0,"comment_status":"closed","ping_status":"closed","template":"","meta":{"footnotes":""},"class_list":["post-84","page","type-page","status-publish","hentry","zoom-theme-has-thumb"],"_links":{"self":[{"href":"https:\/\/www.smc-espelkamp.de\/index.php?rest_route=\/wp\/v2\/pages\/84","targetHints":{"allow":["GET"]}}],"collection":[{"href":"https:\/\/www.smc-espelkamp.de\/index.php?rest_route=\/wp\/v2\/pages"}],"about":[{"href":"https:\/\/www.smc-espelkamp.de\/index.php?rest_route=\/wp\/v2\/types\/page"}],"author":[{"embeddable":true,"href":"https:\/\/www.smc-espelkamp.de\/index.php?rest_route=\/wp\/v2\/users\/2"}],"replies":[{"embeddable":true,"href":"https:\/\/www.smc-espelkamp.de\/index.php?rest_route=%2Fwp%2Fv2%2Fcomments&post=84"}],"version-history":[{"count":12,"href":"https:\/\/www.smc-espelkamp.de\/index.php?rest_route=\/wp\/v2\/pages\/84\/revisions"}],"predecessor-version":[{"id":144,"href":"https:\/\/www.smc-espelkamp.de\/index.php?rest_route=\/wp\/v2\/pages\/84\/revisions\/144"}],"wp:attachment":[{"href":"https:\/\/www.smc-espelkamp.de\/index.php?rest_route=%2Fwp%2Fv2%2Fmedia&parent=84"}],"curies":[{"name":"wp","href":"https:\/\/api.w.org\/{rel}","templated":true}]}}