{"id":60,"date":"2026-04-13T23:07:50","date_gmt":"2026-04-13T23:07:50","guid":{"rendered":"http:\/\/test.toby-tec.de\/?page_id=60"},"modified":"2026-04-14T15:26:53","modified_gmt":"2026-04-14T15:26:53","slug":"test2","status":"publish","type":"page","link":"https:\/\/www.smc-espelkamp.de\/?page_id=60","title":{"rendered":"\u00dcber uns"},"content":{"rendered":"<span itemprop=\"description\">\n<p class=\"has-vivid-cyan-blue-color has-text-color has-link-color has-large-font-size wp-elements-e86952982b52a84b88eeefcf5263545c\"><strong>\u00dcber uns<\/strong><\/p>\n\n\n\n<p style=\"font-size:16px\">Der Schiffsmodellbauclub Espelkamp e.V. wurde 1979 gegr\u00fcndet und war Mitbegr\u00fcnder der OGS-Poseidon. Als engagierte Gemeinschaft verfolgen wir das Ziel, Menschen mit Interesse am Schiffsmodellsport zusammenzubringen, insbesondere bei Jugendlichen die Begeisterung f\u00fcr den Modellbau zu wecken und den maritimen Sport durch vielf\u00e4ltige Aktivit\u00e4ten in der \u00d6ffentlichkeit sichtbar zu machen.<\/p>\n\n\n\n<p class=\"has-black-color has-text-color has-link-color wp-elements-a5ec74502e53ebaec9b2872fbec31ba3\" style=\"font-size:16px\">Ein besonderes Highlight unseres Vereins ist das alle zwei Jahre stattfindende \u201eDickschifftreffen&#8220; an Pfingsten am Gabelweiher in Espelkamp. Bei dieser Veranstaltung pr\u00e4sentieren Modellbauer aus ganz Deutschland, den Niederlanden und der Schweiz ihre Modelle an Land und auf dem Wasser, die von historischen Nachbildungen \u00fcber moderne Schlepper bis hin zu ungew\u00f6hnlichen Modellen wie einer gelben Ente reichen.<\/p>\n\n\n\n<p style=\"font-size:16px\">Espelkamp hat sich in all den Jahren zu einem beliebten Ziel f\u00fcr Schiffsmodellbauer entwickelt.<\/p>\n\n\n\n<p class=\"has-vivid-cyan-blue-color has-text-color has-link-color wp-elements-ee9b2a5dff32196620f5c1c1e70a7252\" style=\"font-size:16px\">Wir freuen uns immer \u00fcber neue Mitglieder, die frischen Wind in unsere Reihen bringen. Bei sch\u00f6nem Wetter treffen wir uns regelm\u00e4\u00dfig Sonntags ab 10:00 Uhr an unserem Vereinsgew\u00e4sser, dem Gabelhorstsee in Espelkamp,&nbsp; um dort unsere Modelle zu Wasser zu lassen. Komm doch einfach einmal vorbei oder schreibe uns \u00fcber unser Kontaktformular &#8211; wir w\u00fcrden uns freuen, dich kennen zu lernen!<\/p>\n<span>","protected":false},"excerpt":{"rendered":"<p class=\"excerpt\"><span itemprop=\"description\">\u00dcber uns Der Schiffsmodellbauclub Espelkamp e.V. wurde 1979 gegr\u00fcndet und war Mitbegr\u00fcnder der OGS-Poseidon. Als engagierte Gemeinschaft verfolgen wir das Ziel, Menschen mit Interesse am Schiffsmodellsport zusammenzubringen, insbesondere bei Jugendlichen die Begeisterung f\u00fcr den Modellbau zu wecken und den maritimen Sport durch vielf\u00e4ltige Aktivit\u00e4ten in&hellip;<\/span><\/p>\n<p class=\"more-link-p btn-align-left\"><a class=\"blue zoom-btn\" href=\"https:\/\/www.smc-espelkamp.de\/?page_id=60\">Read More<\/a><\/p>\n","protected":false},"author":2,"featured_media":0,"parent":0,"menu_order":0,"comment_status":"closed","ping_status":"closed","template":"","meta":{"footnotes":""},"class_list":["post-60","page","type-page","status-publish","hentry","zoom-theme-has-thumb"],"_links":{"self":[{"href":"https:\/\/www.smc-espelkamp.de\/index.php?rest_route=\/wp\/v2\/pages\/60","targetHints":{"allow":["GET"]}}],"collection":[{"href":"https:\/\/www.smc-espelkamp.de\/index.php?rest_route=\/wp\/v2\/pages"}],"about":[{"href":"https:\/\/www.smc-espelkamp.de\/index.php?rest_route=\/wp\/v2\/types\/page"}],"author":[{"embeddable":true,"href":"https:\/\/www.smc-espelkamp.de\/index.php?rest_route=\/wp\/v2\/users\/2"}],"replies":[{"embeddable":true,"href":"https:\/\/www.smc-espelkamp.de\/index.php?rest_route=%2Fwp%2Fv2%2Fcomments&post=60"}],"version-history":[{"count":9,"href":"https:\/\/www.smc-espelkamp.de\/index.php?rest_route=\/wp\/v2\/pages\/60\/revisions"}],"predecessor-version":[{"id":149,"href":"https:\/\/www.smc-espelkamp.de\/index.php?rest_route=\/wp\/v2\/pages\/60\/revisions\/149"}],"wp:attachment":[{"href":"https:\/\/www.smc-espelkamp.de\/index.php?rest_route=%2Fwp%2Fv2%2Fmedia&parent=60"}],"curies":[{"name":"wp","href":"https:\/\/api.w.org\/{rel}","templated":true}]}}