{"id":19,"date":"2026-04-13T21:12:47","date_gmt":"2026-04-13T21:12:47","guid":{"rendered":"http:\/\/test.toby-tec.de\/?page_id=19"},"modified":"2026-04-14T15:13:31","modified_gmt":"2026-04-14T15:13:31","slug":"herzlich-willkommen","status":"publish","type":"page","link":"https:\/\/www.smc-espelkamp.de\/","title":{"rendered":"Herzlich willkommen"},"content":{"rendered":"<span itemprop=\"description\">\n<p class=\"has-vivid-cyan-blue-color has-text-color has-link-color has-large-font-size wp-elements-c3186e3b4b89308e2056661ac36f2db3\"><strong>Sch\u00f6n, dass Du hier bist!<\/strong><\/p>\n\n\n\n<p class=\"has-black-color has-text-color has-link-color wp-elements-4e414e1cd803819d5cb60db1ea2d6fd7\" style=\"font-size:16px\">Der SMC Espelkamp ist die Anlaufstelle f\u00fcr alle, die Spa\u00df am Modellbau haben \u2013 mit besonderem Fokus auf den Schiffsmodellbau. Von liebevoll gebauten Standmodellen bis hin zu fahrbereiten Schiffen auf dem Wasser: Bei uns dreht sich alles um Technik, Kreativit\u00e4t und gemeinsames Erleben. <\/p>\n\n\n\n<p class=\"has-black-color has-text-color has-link-color wp-elements-3d1acaa7c57e9ae770fd98df37724b69\" style=\"font-size:16px\">Wir sind eine offene und aktive Gemeinschaft, in der Wissen geteilt, Ideen ausgetauscht und Projekte gemeinsam umgesetzt werden. Egal ob T\u00fcftler, Detailfan oder einfach neugierig auf das Hobby \u2013 bei uns findest du Gleichgesinnte und echte Begeisterung f\u00fcr den Modellbau.<\/p>\n\n\n\n<p class=\"has-vivid-cyan-blue-color has-text-color has-link-color wp-elements-dfe85818a94a6932dbd1b8026cfcbe94\" style=\"font-size:16px\"><strong>Neu dabei oder einfach nur neugierig? Perfekt!<\/strong> <\/p>\n\n\n\n<p class=\"has-black-color has-text-color has-link-color wp-elements-26a3d40d86d8b605ce04d996b0ae4563\" style=\"font-size:16px\">Denn alle sind bei uns herzlich willkommen. Du brauchst keine Vorkenntnisse \u2013 Neugier und Spa\u00df am Basteln reichen v\u00f6llig aus. Wir helfen dir beim Einstieg, geben Tipps aus der Praxis und begleiten dich bei deinen ersten Modellen.<\/p>\n\n\n\n<p class=\"has-vivid-cyan-blue-color has-text-color has-link-color wp-elements-474c591724244e800722a18a02e57201\" style=\"font-size:16px\"><strong>Lust bekommen mitzumachen? <\/strong><\/p>\n\n\n\n<p class=\"has-black-color has-text-color has-link-color wp-elements-7e51d3ca72a66f75a27e9a169e690a11\" style=\"font-size:16px\">Dann schau dich auf unserer Webseite um, komm zu einem unserer Treffen vorbei oder melde dich direkt bei uns. Probier es aus, lern uns kennen und werde Teil unserer Modellbau-Community!&nbsp;Wir freuen uns immer \u00fcber neue Gesichter und Gleichgesinnte, die unsere Leidenschaft teilen!<\/p>\n\n\n\n<p><\/p>\n<span>","protected":false},"excerpt":{"rendered":"<p class=\"excerpt\"><span itemprop=\"description\">Sch\u00f6n, dass Du hier bist! Der SMC Espelkamp ist die Anlaufstelle f\u00fcr alle, die Spa\u00df am Modellbau haben \u2013 mit besonderem Fokus auf den Schiffsmodellbau. Von liebevoll gebauten Standmodellen bis hin zu fahrbereiten Schiffen auf dem Wasser: Bei uns dreht sich alles um Technik, Kreativit\u00e4t&hellip;<\/span><\/p>\n<p class=\"more-link-p btn-align-left\"><a class=\"blue zoom-btn\" href=\"https:\/\/www.smc-espelkamp.de\/\">Read More<\/a><\/p>\n","protected":false},"author":2,"featured_media":0,"parent":0,"menu_order":0,"comment_status":"closed","ping_status":"closed","template":"","meta":{"footnotes":""},"class_list":["post-19","page","type-page","status-publish","hentry","zoom-theme-has-thumb"],"_links":{"self":[{"href":"https:\/\/www.smc-espelkamp.de\/index.php?rest_route=\/wp\/v2\/pages\/19","targetHints":{"allow":["GET"]}}],"collection":[{"href":"https:\/\/www.smc-espelkamp.de\/index.php?rest_route=\/wp\/v2\/pages"}],"about":[{"href":"https:\/\/www.smc-espelkamp.de\/index.php?rest_route=\/wp\/v2\/types\/page"}],"author":[{"embeddable":true,"href":"https:\/\/www.smc-espelkamp.de\/index.php?rest_route=\/wp\/v2\/users\/2"}],"replies":[{"embeddable":true,"href":"https:\/\/www.smc-espelkamp.de\/index.php?rest_route=%2Fwp%2Fv2%2Fcomments&post=19"}],"version-history":[{"count":7,"href":"https:\/\/www.smc-espelkamp.de\/index.php?rest_route=\/wp\/v2\/pages\/19\/revisions"}],"predecessor-version":[{"id":146,"href":"https:\/\/www.smc-espelkamp.de\/index.php?rest_route=\/wp\/v2\/pages\/19\/revisions\/146"}],"wp:attachment":[{"href":"https:\/\/www.smc-espelkamp.de\/index.php?rest_route=%2Fwp%2Fv2%2Fmedia&parent=19"}],"curies":[{"name":"wp","href":"https:\/\/api.w.org\/{rel}","templated":true}]}}